{"id":162,"date":"2014-04-21T18:15:15","date_gmt":"2014-04-21T17:15:15","guid":{"rendered":"http:\/\/kfzlewin.de\/kfzlewin\/?page_id=162"},"modified":"2019-11-28T21:52:48","modified_gmt":"2019-11-28T20:52:48","slug":"unsere-leistungen","status":"publish","type":"page","link":"https:\/\/kfzlewin.de\/kfzlewin\/unsere-leistungen\/","title":{"rendered":"Leistungen"},"content":{"rendered":"<p><span style=\"font-size: 12pt;\">Im folgenden ein Auszug aus unserem Leistungskatalog rund um Ihr Fahrzeug.<\/span><\/p>\n<table>\n<tbody>\n<tr>\n<td>\n<ul>\n<li><span style=\"font-size: 12pt;\">KFZ Reparaturen aller Marken<\/span><\/li>\n<\/ul>\n<\/td>\n<td>\n<ul>\n<li><span style=\"font-size: 12pt;\">Auspuff<\/span><\/li>\n<\/ul>\n<\/td>\n<\/tr>\n<tr>\n<td>\n<ul>\n<li>Abschleppservice<\/li>\n<\/ul>\n<\/td>\n<td>\n<ul>\n<li><span style=\"font-size: 12pt;\">HU+AU<\/span><\/li>\n<\/ul>\n<\/td>\n<\/tr>\n<tr>\n<td>\n<ul>\n<li><span style=\"font-size: 12pt;\">Klima-Service<\/span><\/li>\n<\/ul>\n<\/td>\n<td>\n<ul>\n<li><span style=\"font-size: 12pt;\">Kupplung<\/span><\/li>\n<\/ul>\n<\/td>\n<\/tr>\n<tr>\n<td>\n<ul>\n<li><span style=\"font-size: 12pt;\">Inspektion<\/span><\/li>\n<\/ul>\n<\/td>\n<td>\n<ul>\n<li><span style=\"font-size: 12pt;\">Reifen-Service<\/span><\/li>\n<\/ul>\n<\/td>\n<\/tr>\n<tr>\n<td>\n<ul>\n<li><span style=\"font-size: 12pt;\">Motor Diagnose<\/span><\/li>\n<\/ul>\n<\/td>\n<td>\n<ul>\n<li><span style=\"font-size: 12pt;\">Standheizung<\/span><\/li>\n<\/ul>\n<\/td>\n<\/tr>\n<tr>\n<td>\n<ul>\n<li><span style=\"font-size: 12pt;\">\u00d6l Service<\/span><\/li>\n<\/ul>\n<\/td>\n<td>\n<ul>\n<li><span style=\"font-size: 12pt;\">Sto\u00dfd\u00e4mpfer Service<\/span><\/li>\n<\/ul>\n<\/td>\n<\/tr>\n<tr>\n<td>\n<ul>\n<li><span style=\"font-size: 12pt;\">Unfall Instandsetzung<\/span><\/li>\n<\/ul>\n<\/td>\n<td>\n<ul>\n<li><span style=\"font-size: 12pt;\">Transporter Service<\/span><\/li>\n<\/ul>\n<\/td>\n<\/tr>\n<tr>\n<td>\n<ul>\n<li><span style=\"font-size: 12pt;\">Ersatzwagen<\/span><\/li>\n<\/ul>\n<\/td>\n<td>\n<ul>\n<li><span style=\"font-size: 12pt;\">Hol- und Bringservice<\/span><\/li>\n<\/ul>\n<\/td>\n<\/tr>\n<tr>\n<td>\n<ul>\n<li><span style=\"font-size: 12pt;\">Anh\u00e4ngerkupplung<\/span><\/li>\n<\/ul>\n<\/td>\n<td>\n<ul>\n<li><span style=\"font-size: 12pt;\">Bremsen Service<\/span><\/li>\n<\/ul>\n<\/td>\n<\/tr>\n<tr>\n<td>\n<ul>\n<li><span style=\"font-size: 12pt;\">Batterie Service<\/span><\/li>\n<\/ul>\n<\/td>\n<td>\n<ul>\n<li><span style=\"font-size: 12pt;\">Getriebesp\u00fclung<\/span><\/li>\n<\/ul>\n<\/td>\n<\/tr>\n<tr>\n<td>\n<ul>\n<li><span style=\"font-size: 12pt;\">und vieles mehr&#8230;<\/span><\/li>\n<\/ul>\n<\/td>\n<td><\/td>\n<\/tr>\n<\/tbody>\n<\/table>\n","protected":false},"excerpt":{"rendered":"<p>Im folgenden ein Auszug aus unserem Leistungskatalog rund um Ihr Fahrzeug. KFZ Reparaturen aller Marken Auspuff Abschleppservice HU+AU Klima-Service Kupplung Inspektion Reifen-Service Motor Diagnose Standheizung \u00d6l Service Sto\u00dfd\u00e4mpfer Service Unfall Instandsetzung Transporter Service Ersatzwagen Hol- und Bringservice Anh\u00e4ngerkupplung Bremsen Service Batterie Service Getriebesp\u00fclung und vieles mehr&#8230;<\/p>\n","protected":false},"author":1,"featured_media":0,"parent":0,"menu_order":0,"comment_status":"closed","ping_status":"open","template":"","meta":{"_monsterinsights_skip_tracking":false,"_monsterinsights_sitenote_active":false,"_monsterinsights_sitenote_note":"","_monsterinsights_sitenote_category":0},"yoast_head":"<!-- This site is optimized with the Yoast SEO plugin v20.6 - https:\/\/yoast.com\/wordpress\/plugins\/seo\/ -->\n<title>Leistungen - KFZ Service Lewin<\/title>\n<meta name=\"robots\" content=\"index, follow, max-snippet:-1, max-image-preview:large, max-video-preview:-1\" \/>\n<link rel=\"canonical\" href=\"https:\/\/kfzlewin.de\/kfzlewin\/unsere-leistungen\/\" \/>\n<meta property=\"og:locale\" content=\"de_DE\" \/>\n<meta property=\"og:type\" content=\"article\" \/>\n<meta property=\"og:title\" content=\"Leistungen - KFZ Service Lewin\" \/>\n<meta property=\"og:description\" content=\"Im folgenden ein Auszug aus unserem Leistungskatalog rund um Ihr Fahrzeug. KFZ Reparaturen aller Marken Auspuff Abschleppservice HU+AU Klima-Service Kupplung Inspektion Reifen-Service Motor Diagnose Standheizung \u00d6l Service Sto\u00dfd\u00e4mpfer Service Unfall Instandsetzung Transporter Service Ersatzwagen Hol- und Bringservice Anh\u00e4ngerkupplung Bremsen Service Batterie Service Getriebesp\u00fclung und vieles mehr&#8230;\" \/>\n<meta property=\"og:url\" content=\"https:\/\/kfzlewin.de\/kfzlewin\/unsere-leistungen\/\" \/>\n<meta property=\"og:site_name\" content=\"KFZ Service Lewin\" \/>\n<meta property=\"article:modified_time\" content=\"2019-11-28T20:52:48+00:00\" \/>\n<meta name=\"twitter:card\" content=\"summary_large_image\" \/>\n<script type=\"application\/ld+json\" class=\"yoast-schema-graph\">{\"@context\":\"https:\/\/schema.org\",\"@graph\":[{\"@type\":\"WebPage\",\"@id\":\"https:\/\/kfzlewin.de\/kfzlewin\/unsere-leistungen\/\",\"url\":\"https:\/\/kfzlewin.de\/kfzlewin\/unsere-leistungen\/\",\"name\":\"Leistungen - KFZ Service Lewin\",\"isPartOf\":{\"@id\":\"https:\/\/kfzlewin.de\/kfzlewin\/#website\"},\"datePublished\":\"2014-04-21T17:15:15+00:00\",\"dateModified\":\"2019-11-28T20:52:48+00:00\",\"breadcrumb\":{\"@id\":\"https:\/\/kfzlewin.de\/kfzlewin\/unsere-leistungen\/#breadcrumb\"},\"inLanguage\":\"de\",\"potentialAction\":[{\"@type\":\"ReadAction\",\"target\":[\"https:\/\/kfzlewin.de\/kfzlewin\/unsere-leistungen\/\"]}]},{\"@type\":\"BreadcrumbList\",\"@id\":\"https:\/\/kfzlewin.de\/kfzlewin\/unsere-leistungen\/#breadcrumb\",\"itemListElement\":[{\"@type\":\"ListItem\",\"position\":1,\"name\":\"Home\",\"item\":\"https:\/\/kfzlewin.de\/kfzlewin\/\"},{\"@type\":\"ListItem\",\"position\":2,\"name\":\"Leistungen\"}]},{\"@type\":\"WebSite\",\"@id\":\"https:\/\/kfzlewin.de\/kfzlewin\/#website\",\"url\":\"https:\/\/kfzlewin.de\/kfzlewin\/\",\"name\":\"KFZ Service Lewin\",\"description\":\"KFZ Meisterwerkstatt\",\"publisher\":{\"@id\":\"https:\/\/kfzlewin.de\/kfzlewin\/#organization\"},\"potentialAction\":[{\"@type\":\"SearchAction\",\"target\":{\"@type\":\"EntryPoint\",\"urlTemplate\":\"https:\/\/kfzlewin.de\/kfzlewin\/?s={search_term_string}\"},\"query-input\":\"required name=search_term_string\"}],\"inLanguage\":\"de\"},{\"@type\":\"Organization\",\"@id\":\"https:\/\/kfzlewin.de\/kfzlewin\/#organization\",\"name\":\"KFZ Service Lewin\",\"url\":\"https:\/\/kfzlewin.de\/kfzlewin\/\",\"logo\":{\"@type\":\"ImageObject\",\"inLanguage\":\"de\",\"@id\":\"https:\/\/kfzlewin.de\/kfzlewin\/#\/schema\/logo\/image\/\",\"url\":\"https:\/\/kfzlewin.de\/kfzlewin\/wp-content\/uploads\/2015\/03\/Piktos_Logo_Lewin_2014_a-e1425676569733.jpg\",\"contentUrl\":\"https:\/\/kfzlewin.de\/kfzlewin\/wp-content\/uploads\/2015\/03\/Piktos_Logo_Lewin_2014_a-e1425676569733.jpg\",\"width\":300,\"height\":120,\"caption\":\"KFZ Service Lewin\"},\"image\":{\"@id\":\"https:\/\/kfzlewin.de\/kfzlewin\/#\/schema\/logo\/image\/\"}}]}<\/script>\n<!-- \/ Yoast SEO plugin. -->","yoast_head_json":{"title":"Leistungen - KFZ Service Lewin","robots":{"index":"index","follow":"follow","max-snippet":"max-snippet:-1","max-image-preview":"max-image-preview:large","max-video-preview":"max-video-preview:-1"},"canonical":"https:\/\/kfzlewin.de\/kfzlewin\/unsere-leistungen\/","og_locale":"de_DE","og_type":"article","og_title":"Leistungen - KFZ Service Lewin","og_description":"Im folgenden ein Auszug aus unserem Leistungskatalog rund um Ihr Fahrzeug. KFZ Reparaturen aller Marken Auspuff Abschleppservice HU+AU Klima-Service Kupplung Inspektion Reifen-Service Motor Diagnose Standheizung \u00d6l Service Sto\u00dfd\u00e4mpfer Service Unfall Instandsetzung Transporter Service Ersatzwagen Hol- und Bringservice Anh\u00e4ngerkupplung Bremsen Service Batterie Service Getriebesp\u00fclung und vieles mehr&#8230;","og_url":"https:\/\/kfzlewin.de\/kfzlewin\/unsere-leistungen\/","og_site_name":"KFZ Service Lewin","article_modified_time":"2019-11-28T20:52:48+00:00","twitter_card":"summary_large_image","schema":{"@context":"https:\/\/schema.org","@graph":[{"@type":"WebPage","@id":"https:\/\/kfzlewin.de\/kfzlewin\/unsere-leistungen\/","url":"https:\/\/kfzlewin.de\/kfzlewin\/unsere-leistungen\/","name":"Leistungen - KFZ Service Lewin","isPartOf":{"@id":"https:\/\/kfzlewin.de\/kfzlewin\/#website"},"datePublished":"2014-04-21T17:15:15+00:00","dateModified":"2019-11-28T20:52:48+00:00","breadcrumb":{"@id":"https:\/\/kfzlewin.de\/kfzlewin\/unsere-leistungen\/#breadcrumb"},"inLanguage":"de","potentialAction":[{"@type":"ReadAction","target":["https:\/\/kfzlewin.de\/kfzlewin\/unsere-leistungen\/"]}]},{"@type":"BreadcrumbList","@id":"https:\/\/kfzlewin.de\/kfzlewin\/unsere-leistungen\/#breadcrumb","itemListElement":[{"@type":"ListItem","position":1,"name":"Home","item":"https:\/\/kfzlewin.de\/kfzlewin\/"},{"@type":"ListItem","position":2,"name":"Leistungen"}]},{"@type":"WebSite","@id":"https:\/\/kfzlewin.de\/kfzlewin\/#website","url":"https:\/\/kfzlewin.de\/kfzlewin\/","name":"KFZ Service Lewin","description":"KFZ Meisterwerkstatt","publisher":{"@id":"https:\/\/kfzlewin.de\/kfzlewin\/#organization"},"potentialAction":[{"@type":"SearchAction","target":{"@type":"EntryPoint","urlTemplate":"https:\/\/kfzlewin.de\/kfzlewin\/?s={search_term_string}"},"query-input":"required name=search_term_string"}],"inLanguage":"de"},{"@type":"Organization","@id":"https:\/\/kfzlewin.de\/kfzlewin\/#organization","name":"KFZ Service Lewin","url":"https:\/\/kfzlewin.de\/kfzlewin\/","logo":{"@type":"ImageObject","inLanguage":"de","@id":"https:\/\/kfzlewin.de\/kfzlewin\/#\/schema\/logo\/image\/","url":"https:\/\/kfzlewin.de\/kfzlewin\/wp-content\/uploads\/2015\/03\/Piktos_Logo_Lewin_2014_a-e1425676569733.jpg","contentUrl":"https:\/\/kfzlewin.de\/kfzlewin\/wp-content\/uploads\/2015\/03\/Piktos_Logo_Lewin_2014_a-e1425676569733.jpg","width":300,"height":120,"caption":"KFZ Service Lewin"},"image":{"@id":"https:\/\/kfzlewin.de\/kfzlewin\/#\/schema\/logo\/image\/"}}]}},"_links":{"self":[{"href":"https:\/\/kfzlewin.de\/kfzlewin\/wp-json\/wp\/v2\/pages\/162"}],"collection":[{"href":"https:\/\/kfzlewin.de\/kfzlewin\/wp-json\/wp\/v2\/pages"}],"about":[{"href":"https:\/\/kfzlewin.de\/kfzlewin\/wp-json\/wp\/v2\/types\/page"}],"author":[{"embeddable":true,"href":"https:\/\/kfzlewin.de\/kfzlewin\/wp-json\/wp\/v2\/users\/1"}],"replies":[{"embeddable":true,"href":"https:\/\/kfzlewin.de\/kfzlewin\/wp-json\/wp\/v2\/comments?post=162"}],"version-history":[{"count":14,"href":"https:\/\/kfzlewin.de\/kfzlewin\/wp-json\/wp\/v2\/pages\/162\/revisions"}],"predecessor-version":[{"id":233,"href":"https:\/\/kfzlewin.de\/kfzlewin\/wp-json\/wp\/v2\/pages\/162\/revisions\/233"}],"wp:attachment":[{"href":"https:\/\/kfzlewin.de\/kfzlewin\/wp-json\/wp\/v2\/media?parent=162"}],"curies":[{"name":"wp","href":"https:\/\/api.w.org\/{rel}","templated":true}]}}