{"id":14,"date":"2014-03-01T12:33:09","date_gmt":"2014-03-01T11:33:09","guid":{"rendered":"http:\/\/kfzlewin.de\/kfzlewin\/?page_id=14"},"modified":"2025-03-31T21:01:24","modified_gmt":"2025-03-31T20:01:24","slug":"oeffnungszeiten","status":"publish","type":"page","link":"https:\/\/kfzlewin.de\/kfzlewin\/oeffnungszeiten\/","title":{"rendered":"\u00d6ffnungszeiten"},"content":{"rendered":"<p style=\"text-align: center;\"><span style=\"font-size: 12pt;\">Wir stehen f\u00fcr Sie gerne zu den genannten Zeiten zur Verf\u00fcgung.<\/span><\/p>\n<p style=\"text-align: center;\"><strong><span style=\"font-size: 12pt;\">Montag &#8211; Donnerstag von 08:00Uhr bis 17:00Uhr<br \/>\nFreitag von 08:00 Uhr bis 15:00 Uhr<br \/>\n<\/span><\/strong><\/p>\n","protected":false},"excerpt":{"rendered":"<p>Wir stehen f\u00fcr Sie gerne zu den genannten Zeiten zur Verf\u00fcgung. Montag &#8211; Donnerstag von 08:00Uhr bis 17:00Uhr Freitag von 08:00 Uhr bis 15:00 Uhr<\/p>\n","protected":false},"author":1,"featured_media":0,"parent":0,"menu_order":10,"comment_status":"closed","ping_status":"open","template":"","meta":{"_monsterinsights_skip_tracking":false,"_monsterinsights_sitenote_active":false,"_monsterinsights_sitenote_note":"","_monsterinsights_sitenote_category":0},"yoast_head":"<!-- This site is optimized with the Yoast SEO plugin v20.6 - https:\/\/yoast.com\/wordpress\/plugins\/seo\/ -->\n<title>\u00d6ffnungszeiten - KFZ Service Lewin<\/title>\n<meta name=\"robots\" content=\"index, follow, max-snippet:-1, max-image-preview:large, max-video-preview:-1\" \/>\n<link rel=\"canonical\" href=\"https:\/\/kfzlewin.de\/kfzlewin\/oeffnungszeiten\/\" \/>\n<meta property=\"og:locale\" content=\"de_DE\" \/>\n<meta property=\"og:type\" content=\"article\" \/>\n<meta property=\"og:title\" content=\"\u00d6ffnungszeiten - KFZ Service Lewin\" \/>\n<meta property=\"og:description\" content=\"Wir stehen f\u00fcr Sie gerne zu den genannten Zeiten zur Verf\u00fcgung. Montag &#8211; Donnerstag von 08:00Uhr bis 17:00Uhr Freitag von 08:00 Uhr bis 15:00 Uhr\" \/>\n<meta property=\"og:url\" content=\"https:\/\/kfzlewin.de\/kfzlewin\/oeffnungszeiten\/\" \/>\n<meta property=\"og:site_name\" content=\"KFZ Service Lewin\" \/>\n<meta property=\"article:modified_time\" content=\"2025-03-31T20:01:24+00:00\" \/>\n<meta name=\"twitter:card\" content=\"summary_large_image\" \/>\n<meta name=\"twitter:label1\" content=\"Gesch\u00e4tzte Lesezeit\" \/>\n\t<meta name=\"twitter:data1\" content=\"1\u00a0Minute\" \/>\n<script type=\"application\/ld+json\" class=\"yoast-schema-graph\">{\"@context\":\"https:\/\/schema.org\",\"@graph\":[{\"@type\":\"WebPage\",\"@id\":\"https:\/\/kfzlewin.de\/kfzlewin\/oeffnungszeiten\/\",\"url\":\"https:\/\/kfzlewin.de\/kfzlewin\/oeffnungszeiten\/\",\"name\":\"\u00d6ffnungszeiten - KFZ Service Lewin\",\"isPartOf\":{\"@id\":\"https:\/\/kfzlewin.de\/kfzlewin\/#website\"},\"datePublished\":\"2014-03-01T11:33:09+00:00\",\"dateModified\":\"2025-03-31T20:01:24+00:00\",\"breadcrumb\":{\"@id\":\"https:\/\/kfzlewin.de\/kfzlewin\/oeffnungszeiten\/#breadcrumb\"},\"inLanguage\":\"de\",\"potentialAction\":[{\"@type\":\"ReadAction\",\"target\":[\"https:\/\/kfzlewin.de\/kfzlewin\/oeffnungszeiten\/\"]}]},{\"@type\":\"BreadcrumbList\",\"@id\":\"https:\/\/kfzlewin.de\/kfzlewin\/oeffnungszeiten\/#breadcrumb\",\"itemListElement\":[{\"@type\":\"ListItem\",\"position\":1,\"name\":\"Home\",\"item\":\"https:\/\/kfzlewin.de\/kfzlewin\/\"},{\"@type\":\"ListItem\",\"position\":2,\"name\":\"\u00d6ffnungszeiten\"}]},{\"@type\":\"WebSite\",\"@id\":\"https:\/\/kfzlewin.de\/kfzlewin\/#website\",\"url\":\"https:\/\/kfzlewin.de\/kfzlewin\/\",\"name\":\"KFZ Service Lewin\",\"description\":\"KFZ Meisterwerkstatt\",\"publisher\":{\"@id\":\"https:\/\/kfzlewin.de\/kfzlewin\/#organization\"},\"potentialAction\":[{\"@type\":\"SearchAction\",\"target\":{\"@type\":\"EntryPoint\",\"urlTemplate\":\"https:\/\/kfzlewin.de\/kfzlewin\/?s={search_term_string}\"},\"query-input\":\"required name=search_term_string\"}],\"inLanguage\":\"de\"},{\"@type\":\"Organization\",\"@id\":\"https:\/\/kfzlewin.de\/kfzlewin\/#organization\",\"name\":\"KFZ Service Lewin\",\"url\":\"https:\/\/kfzlewin.de\/kfzlewin\/\",\"logo\":{\"@type\":\"ImageObject\",\"inLanguage\":\"de\",\"@id\":\"https:\/\/kfzlewin.de\/kfzlewin\/#\/schema\/logo\/image\/\",\"url\":\"https:\/\/kfzlewin.de\/kfzlewin\/wp-content\/uploads\/2015\/03\/Piktos_Logo_Lewin_2014_a-e1425676569733.jpg\",\"contentUrl\":\"https:\/\/kfzlewin.de\/kfzlewin\/wp-content\/uploads\/2015\/03\/Piktos_Logo_Lewin_2014_a-e1425676569733.jpg\",\"width\":300,\"height\":120,\"caption\":\"KFZ Service Lewin\"},\"image\":{\"@id\":\"https:\/\/kfzlewin.de\/kfzlewin\/#\/schema\/logo\/image\/\"}}]}<\/script>\n<!-- \/ Yoast SEO plugin. -->","yoast_head_json":{"title":"\u00d6ffnungszeiten - KFZ Service Lewin","robots":{"index":"index","follow":"follow","max-snippet":"max-snippet:-1","max-image-preview":"max-image-preview:large","max-video-preview":"max-video-preview:-1"},"canonical":"https:\/\/kfzlewin.de\/kfzlewin\/oeffnungszeiten\/","og_locale":"de_DE","og_type":"article","og_title":"\u00d6ffnungszeiten - KFZ Service Lewin","og_description":"Wir stehen f\u00fcr Sie gerne zu den genannten Zeiten zur Verf\u00fcgung. Montag &#8211; Donnerstag von 08:00Uhr bis 17:00Uhr Freitag von 08:00 Uhr bis 15:00 Uhr","og_url":"https:\/\/kfzlewin.de\/kfzlewin\/oeffnungszeiten\/","og_site_name":"KFZ Service Lewin","article_modified_time":"2025-03-31T20:01:24+00:00","twitter_card":"summary_large_image","twitter_misc":{"Gesch\u00e4tzte Lesezeit":"1\u00a0Minute"},"schema":{"@context":"https:\/\/schema.org","@graph":[{"@type":"WebPage","@id":"https:\/\/kfzlewin.de\/kfzlewin\/oeffnungszeiten\/","url":"https:\/\/kfzlewin.de\/kfzlewin\/oeffnungszeiten\/","name":"\u00d6ffnungszeiten - KFZ Service Lewin","isPartOf":{"@id":"https:\/\/kfzlewin.de\/kfzlewin\/#website"},"datePublished":"2014-03-01T11:33:09+00:00","dateModified":"2025-03-31T20:01:24+00:00","breadcrumb":{"@id":"https:\/\/kfzlewin.de\/kfzlewin\/oeffnungszeiten\/#breadcrumb"},"inLanguage":"de","potentialAction":[{"@type":"ReadAction","target":["https:\/\/kfzlewin.de\/kfzlewin\/oeffnungszeiten\/"]}]},{"@type":"BreadcrumbList","@id":"https:\/\/kfzlewin.de\/kfzlewin\/oeffnungszeiten\/#breadcrumb","itemListElement":[{"@type":"ListItem","position":1,"name":"Home","item":"https:\/\/kfzlewin.de\/kfzlewin\/"},{"@type":"ListItem","position":2,"name":"\u00d6ffnungszeiten"}]},{"@type":"WebSite","@id":"https:\/\/kfzlewin.de\/kfzlewin\/#website","url":"https:\/\/kfzlewin.de\/kfzlewin\/","name":"KFZ Service Lewin","description":"KFZ Meisterwerkstatt","publisher":{"@id":"https:\/\/kfzlewin.de\/kfzlewin\/#organization"},"potentialAction":[{"@type":"SearchAction","target":{"@type":"EntryPoint","urlTemplate":"https:\/\/kfzlewin.de\/kfzlewin\/?s={search_term_string}"},"query-input":"required name=search_term_string"}],"inLanguage":"de"},{"@type":"Organization","@id":"https:\/\/kfzlewin.de\/kfzlewin\/#organization","name":"KFZ Service Lewin","url":"https:\/\/kfzlewin.de\/kfzlewin\/","logo":{"@type":"ImageObject","inLanguage":"de","@id":"https:\/\/kfzlewin.de\/kfzlewin\/#\/schema\/logo\/image\/","url":"https:\/\/kfzlewin.de\/kfzlewin\/wp-content\/uploads\/2015\/03\/Piktos_Logo_Lewin_2014_a-e1425676569733.jpg","contentUrl":"https:\/\/kfzlewin.de\/kfzlewin\/wp-content\/uploads\/2015\/03\/Piktos_Logo_Lewin_2014_a-e1425676569733.jpg","width":300,"height":120,"caption":"KFZ Service Lewin"},"image":{"@id":"https:\/\/kfzlewin.de\/kfzlewin\/#\/schema\/logo\/image\/"}}]}},"_links":{"self":[{"href":"https:\/\/kfzlewin.de\/kfzlewin\/wp-json\/wp\/v2\/pages\/14"}],"collection":[{"href":"https:\/\/kfzlewin.de\/kfzlewin\/wp-json\/wp\/v2\/pages"}],"about":[{"href":"https:\/\/kfzlewin.de\/kfzlewin\/wp-json\/wp\/v2\/types\/page"}],"author":[{"embeddable":true,"href":"https:\/\/kfzlewin.de\/kfzlewin\/wp-json\/wp\/v2\/users\/1"}],"replies":[{"embeddable":true,"href":"https:\/\/kfzlewin.de\/kfzlewin\/wp-json\/wp\/v2\/comments?post=14"}],"version-history":[{"count":3,"href":"https:\/\/kfzlewin.de\/kfzlewin\/wp-json\/wp\/v2\/pages\/14\/revisions"}],"predecessor-version":[{"id":241,"href":"https:\/\/kfzlewin.de\/kfzlewin\/wp-json\/wp\/v2\/pages\/14\/revisions\/241"}],"wp:attachment":[{"href":"https:\/\/kfzlewin.de\/kfzlewin\/wp-json\/wp\/v2\/media?parent=14"}],"curies":[{"name":"wp","href":"https:\/\/api.w.org\/{rel}","templated":true}]}}